{"id":128,"date":"2018-11-26T12:46:44","date_gmt":"2018-11-26T12:46:44","guid":{"rendered":"https:\/\/holo-studio.com\/projects\/"},"modified":"2021-10-28T14:31:18","modified_gmt":"2021-10-28T13:31:18","slug":"projetos","status":"publish","type":"page","link":"https:\/\/holo-studio.com\/en\/projetos\/","title":{"rendered":"Projects"},"content":{"rendered":"<div data-elementor-type=\"wp-post\" data-elementor-id=\"128\" class=\"elementor elementor-128\">\n\t\t\t\t\t\t<section class=\"elementor-section elementor-top-section elementor-element elementor-element-8e491de elementor-section-content-middle elementor-section-boxed elementor-section-height-default elementor-section-height-default\" data-id=\"8e491de\" data-element_type=\"section\" data-settings=\"{&quot;background_background&quot;:&quot;classic&quot;}\">\n\t\t\t\t\t\t\t<div class=\"elementor-background-overlay\"><\/div>\n\t\t\t\t\t\t\t<div class=\"elementor-container elementor-column-gap-no\">\n\t\t\t\t\t<div class=\"elementor-column elementor-col-100 elementor-top-column elementor-element elementor-element-fb027eb\" data-id=\"fb027eb\" data-element_type=\"column\">\n\t\t\t<div class=\"elementor-widget-wrap elementor-element-populated\">\n\t\t\t\t\t\t<div class=\"elementor-element elementor-element-02d282c elementor-widget elementor-widget-heading\" data-id=\"02d282c\" data-element_type=\"widget\" data-widget_type=\"heading.default\">\n\t\t\t\t<div class=\"elementor-widget-container\">\n\t\t\t\t\t<h1 class=\"elementor-heading-title elementor-size-default\">Projects<\/h1>\t\t\t\t<\/div>\n\t\t\t\t<\/div>\n\t\t\t\t\t<\/div>\n\t\t<\/div>\n\t\t\t\t\t<\/div>\n\t\t<\/section>\n\t\t\t\t<section class=\"elementor-section elementor-top-section elementor-element elementor-element-dac1dd3 elementor-section-boxed elementor-section-height-default elementor-section-height-default\" data-id=\"dac1dd3\" data-element_type=\"section\">\n\t\t\t\t\t\t<div class=\"elementor-container elementor-column-gap-default\">\n\t\t\t\t\t<div class=\"elementor-column elementor-col-100 elementor-top-column elementor-element elementor-element-60e2db9\" data-id=\"60e2db9\" data-element_type=\"column\">\n\t\t\t<div class=\"elementor-widget-wrap elementor-element-populated\">\n\t\t\t\t\t\t<div class=\"elementor-element elementor-element-4ef5c9c elementor-widget elementor-widget-heading\" data-id=\"4ef5c9c\" data-element_type=\"widget\" data-widget_type=\"heading.default\">\n\t\t\t\t<div class=\"elementor-widget-container\">\n\t\t\t\t\t<h3 class=\"elementor-heading-title elementor-size-default\">Selected Projects <\/h3>\t\t\t\t<\/div>\n\t\t\t\t<\/div>\n\t\t\t\t<div class=\"elementor-element elementor-element-3e2edf7 elementor-widget elementor-widget-elpug\" data-id=\"3e2edf7\" data-element_type=\"widget\" data-widget_type=\"elpug.default\">\n\t\t\t\t<div class=\"elementor-widget-container\">\n\t\t\t\t\t\t\t\n\t\n\t\t<input id=\"powerfolio_pagination_postsperpage\" type=\"hidden\" value=\"\" \/><div class=\"elpt-portfolio elpt_powerfolio_11908\"><div class=\"elpt-portfolio-filter\"><button class=\"portfolio-filter-item item-active\" data-filter=\"*\" style=\"background-color:\">All<\/button><button class=\"portfolio-filter-item\" style=\"background-color:\" data-filter=\".elemenfoliocategory-colaboracoes\">Collaborations<\/button><button class=\"portfolio-filter-item\" style=\"background-color:\" data-filter=\".elemenfoliocategory-nossos\">Our<\/button><\/div><div class=\"elpt-portfolio-content elpt-portfolio-content-isotope elpt-portfolio-style-box  simple elpt-portfolio-columns-3  elpt-portfolio-margin\"><div class=\"portfolio-item-wrapper 996 post-128 page type-page status-publish has-post-thumbnail hentry elemenfoliocategory-nossos\"><a href=\"https:\/\/holo-studio.com\/en\/portfolio\/moradia-santa-marinha\/\" class=\"portfolio-item\" style=\"background-image: url(https:\/\/holo-studio.com\/wp-content\/uploads\/2021\/02\/1_Photo-3.1.jpg)\" title=\"Santa Marinha House\"><img decoding=\"async\" src=\"https:\/\/holo-studio.com\/wp-content\/uploads\/2021\/02\/1_Photo-3.1.jpg\" class=\"elpt-main-image\" title=\"Santa Marinha House\" alt=\"Moradia Santa Marinha\" \/><div class=\"portfolio-item-infos-wrapper\" style=\"background-color:\"><div class=\"portfolio-item-infos\"><div class=\"portfolio-item-title\"><span class=\"portfolio-item-title-span\">Santa Marinha House<\/span><\/div><div class=\"portfolio-item-category\"><span class=\"elpt-portfolio-cat\">Our<\/span><\/div><\/div><\/div><\/a><\/div><div class=\"portfolio-item-wrapper 1049 post-128 page type-page status-publish has-post-thumbnail hentry elemenfoliocategory-colaboracoes\"><a href=\"https:\/\/holo-studio.com\/en\/portfolio\/museu-da-lingua-portuguesa\/\" class=\"portfolio-item\" style=\"background-image: url(https:\/\/holo-studio.com\/wp-content\/uploads\/2021\/02\/1.12sp-1.jpg)\" title=\"Portuguese Language Museum\"><img decoding=\"async\" src=\"https:\/\/holo-studio.com\/wp-content\/uploads\/2021\/02\/1.12sp-1.jpg\" class=\"elpt-main-image\" title=\"Portuguese Language Museum\" alt=\"Museu de L\u00edngua Portuguesa\" \/><div class=\"portfolio-item-infos-wrapper\" style=\"background-color:\"><div class=\"portfolio-item-infos\"><div class=\"portfolio-item-title\"><span class=\"portfolio-item-title-span\">Portuguese Language Museum<\/span><\/div><div class=\"portfolio-item-category\"><span class=\"elpt-portfolio-cat\">Collaborations<\/span><\/div><\/div><\/div><\/a><\/div><div class=\"portfolio-item-wrapper 1186 post-128 page type-page status-publish has-post-thumbnail hentry elemenfoliocategory-nossos\"><a href=\"https:\/\/holo-studio.com\/en\/portfolio\/planeamento-do-turismo-de-um-complexo-de-praia-fluvial-e-parque-de-campismo\/\" class=\"portfolio-item\" style=\"background-image: url(https:\/\/holo-studio.com\/wp-content\/uploads\/2021\/02\/101.1-1.jpg)\" title=\"Tourism Planning: River Beach Complex and Camping Site\"><img decoding=\"async\" src=\"https:\/\/holo-studio.com\/wp-content\/uploads\/2021\/02\/101.1-1.jpg\" class=\"elpt-main-image\" title=\"Tourism Planning: River Beach Complex and Camping Site\" alt=\"Planeamento Tur\u00edstico: Complexo de uma Praia Fluvial e Parque de Campismo\" \/><div class=\"portfolio-item-infos-wrapper\" style=\"background-color:\"><div class=\"portfolio-item-infos\"><div class=\"portfolio-item-title\"><span class=\"portfolio-item-title-span\">Tourism Planning: River Beach Complex and Camping Site<\/span><\/div><div class=\"portfolio-item-category\"><span class=\"elpt-portfolio-cat\">Our<\/span><\/div><\/div><\/div><\/a><\/div><div class=\"portfolio-item-wrapper 1084 post-128 page type-page status-publish has-post-thumbnail hentry elemenfoliocategory-colaboracoes\"><a href=\"https:\/\/holo-studio.com\/en\/portfolio\/plaza-civica-de-lucero\/\" class=\"portfolio-item\" style=\"background-image: url(https:\/\/holo-studio.com\/wp-content\/uploads\/2021\/02\/103capa-site-1.jpg)\" title=\"Plaza C\u00edvica de Lucero\"><img decoding=\"async\" src=\"https:\/\/holo-studio.com\/wp-content\/uploads\/2021\/02\/103capa-site-1.jpg\" class=\"elpt-main-image\" title=\"Plaza C\u00edvica de Lucero\" alt=\"Plaza C\u00edvica de Lucero\" \/><div class=\"portfolio-item-infos-wrapper\" style=\"background-color:\"><div class=\"portfolio-item-infos\"><div class=\"portfolio-item-title\"><span class=\"portfolio-item-title-span\">Plaza C\u00edvica de Lucero<\/span><\/div><div class=\"portfolio-item-category\"><span class=\"elpt-portfolio-cat\">Collaborations<\/span><\/div><\/div><\/div><\/a><\/div><div class=\"portfolio-item-wrapper 952 post-128 page type-page status-publish has-post-thumbnail hentry elemenfoliocategory-colaboracoes\"><a href=\"https:\/\/holo-studio.com\/en\/portfolio\/st-julians-school\/\" class=\"portfolio-item\" style=\"background-image: url(https:\/\/holo-studio.com\/wp-content\/uploads\/2021\/02\/1022capa-site-1.jpg)\" title=\"St. Julian&#8217;s School\"><img decoding=\"async\" src=\"https:\/\/holo-studio.com\/wp-content\/uploads\/2021\/02\/1022capa-site-1.jpg\" class=\"elpt-main-image\" title=\"St. Julian&#8217;s School\" alt=\"St. Julian&#8217;s School\" \/><div class=\"portfolio-item-infos-wrapper\" style=\"background-color:\"><div class=\"portfolio-item-infos\"><div class=\"portfolio-item-title\"><span class=\"portfolio-item-title-span\">St. Julian&#8217;s School<\/span><\/div><div class=\"portfolio-item-category\"><span class=\"elpt-portfolio-cat\">Collaborations<\/span><\/div><\/div><\/div><\/a><\/div><div class=\"portfolio-item-wrapper 978 post-128 page type-page status-publish has-post-thumbnail hentry elemenfoliocategory-colaboracoes\"><a href=\"https:\/\/holo-studio.com\/en\/portfolio\/museu-nacional-de-chipre\/\" class=\"portfolio-item\" style=\"background-image: url(https:\/\/holo-studio.com\/wp-content\/uploads\/2021\/02\/1capa-site-1.jpg)\" title=\"National Museum of Cyprus\"><img decoding=\"async\" src=\"https:\/\/holo-studio.com\/wp-content\/uploads\/2021\/02\/1capa-site-1.jpg\" class=\"elpt-main-image\" title=\"National Museum of Cyprus\" alt=\"Museu Nacional de Chipre\" \/><div class=\"portfolio-item-infos-wrapper\" style=\"background-color:\"><div class=\"portfolio-item-infos\"><div class=\"portfolio-item-title\"><span class=\"portfolio-item-title-span\">National Museum of Cyprus<\/span><\/div><div class=\"portfolio-item-category\"><span class=\"elpt-portfolio-cat\">Collaborations<\/span><\/div><\/div><\/div><\/a><\/div><div class=\"portfolio-item-wrapper 871 post-128 page type-page status-publish has-post-thumbnail hentry elemenfoliocategory-colaboracoes\"><a href=\"https:\/\/holo-studio.com\/en\/portfolio\/largo-vitorino-damasio-praca-s-joao-de-brito\/\" class=\"portfolio-item\" style=\"background-image: url(https:\/\/holo-studio.com\/wp-content\/uploads\/2021\/02\/2-capa-site-1.jpg)\" title=\"Largo Vitorino Dam\u00e1sio \/ S. Jo\u00e3o de Brito Square\"><img decoding=\"async\" src=\"https:\/\/holo-studio.com\/wp-content\/uploads\/2021\/02\/2-capa-site-1.jpg\" class=\"elpt-main-image\" title=\"Largo Vitorino Dam\u00e1sio \/ S. Jo\u00e3o de Brito Square\" alt=\"Largo Vitorino Dam\u00e1sio \/ Pra\u00e7a S. Jo\u00e3o de Brito\" \/><div class=\"portfolio-item-infos-wrapper\" style=\"background-color:\"><div class=\"portfolio-item-infos\"><div class=\"portfolio-item-title\"><span class=\"portfolio-item-title-span\">Largo Vitorino Dam\u00e1sio \/ S. Jo\u00e3o de Brito Square<\/span><\/div><div class=\"portfolio-item-category\"><span class=\"elpt-portfolio-cat\">Collaborations<\/span><\/div><\/div><\/div><\/a><\/div><\/div><\/div>\t\t\n\n\t\t\t\n\n\t\t\t\t\t\n\n\t\t\t\t\t\t<\/div>\n\t\t\t\t<\/div>\n\t\t\t\t\t<\/div>\n\t\t<\/div>\n\t\t\t\t\t<\/div>\n\t\t<\/section>\n\t\t\t\t<section class=\"elementor-section elementor-top-section elementor-element elementor-element-d86b29d elementor-section-boxed elementor-section-height-default elementor-section-height-default\" data-id=\"d86b29d\" data-element_type=\"section\">\n\t\t\t\t\t\t<div class=\"elementor-container elementor-column-gap-default\">\n\t\t\t\t\t<div class=\"elementor-column elementor-col-100 elementor-top-column elementor-element elementor-element-695edc8\" data-id=\"695edc8\" data-element_type=\"column\">\n\t\t\t<div class=\"elementor-widget-wrap elementor-element-populated\">\n\t\t\t\t\t\t<div class=\"elementor-element elementor-element-818959b elementor-widget elementor-widget-heading\" data-id=\"818959b\" data-element_type=\"widget\" data-widget_type=\"heading.default\">\n\t\t\t\t<div class=\"elementor-widget-container\">\n\t\t\t\t\t<h2 class=\"elementor-heading-title elementor-size-default\">NEED MORE INFORMATION?<\/h2>\t\t\t\t<\/div>\n\t\t\t\t<\/div>\n\t\t\t\t<div class=\"elementor-element elementor-element-d3a385b elementor-align-center elementor-widget elementor-widget-button\" data-id=\"d3a385b\" data-element_type=\"widget\" data-widget_type=\"button.default\">\n\t\t\t\t<div class=\"elementor-widget-container\">\n\t\t\t\t\t\t\t\t\t<div class=\"elementor-button-wrapper\">\n\t\t\t\t\t<a class=\"elementor-button elementor-button-link elementor-size-sm elementor-animation-grow\" href=\"https:\/\/holo-studio.com\/en\/contactos\/\">\n\t\t\t\t\t\t<span class=\"elementor-button-content-wrapper\">\n\t\t\t\t\t\t\t\t\t<span class=\"elementor-button-text\">CONTACT US<\/span>\n\t\t\t\t\t<\/span>\n\t\t\t\t\t<\/a>\n\t\t\t\t<\/div>\n\t\t\t\t\t\t\t\t<\/div>\n\t\t\t\t<\/div>\n\t\t\t\t\t<\/div>\n\t\t<\/div>\n\t\t\t\t\t<\/div>\n\t\t<\/section>\n\t\t\t\t<\/div>","protected":false},"excerpt":{"rendered":"<p>Projetos Projetos Selecionados AllColabora\u00e7\u00f5esNossosMoradia Santa MarinhaNossosMuseu de L\u00edngua PortuguesaColabora\u00e7\u00f5esPlaneamento Tur\u00edstico: Complexo de uma Praia Fluvial e Parque de CampismoNossosPlaza C\u00edvica de LuceroColabora\u00e7\u00f5esSt. Julian\u2019s SchoolColabora\u00e7\u00f5esMuseu Nacional de ChipreColabora\u00e7\u00f5esLargo Vitorino Dam\u00e1sio \/ Pra\u00e7a S. Jo\u00e3o de BritoColabora\u00e7\u00f5es PRECISA DE MAIS INFORMA\u00c7\u00c3O? CONTACTE-NOS<\/p>","protected":false},"author":1,"featured_media":703,"parent":0,"menu_order":0,"comment_status":"closed","ping_status":"closed","template":"","meta":{"_monsterinsights_skip_tracking":false,"_monsterinsights_sitenote_active":false,"_monsterinsights_sitenote_note":"","_monsterinsights_sitenote_category":0,"site-sidebar-layout":"no-sidebar","site-content-layout":"page-builder","ast-site-content-layout":"default","site-content-style":"default","site-sidebar-style":"default","ast-global-header-display":"","ast-banner-title-visibility":"","ast-main-header-display":"","ast-hfb-above-header-display":"","ast-hfb-below-header-display":"","ast-hfb-mobile-header-display":"","site-post-title":"disabled","ast-breadcrumbs-content":"","ast-featured-img":"disabled","footer-sml-layout":"","theme-transparent-header-meta":"enabled","adv-header-id-meta":"","stick-header-meta":"","header-above-stick-meta":"","header-main-stick-meta":"","header-below-stick-meta":"","astra-migrate-meta-layouts":"default","ast-page-background-enabled":"default","ast-page-background-meta":{"desktop":{"background-color":"","background-image":"","background-repeat":"repeat","background-position":"center center","background-size":"auto","background-attachment":"scroll","background-type":"","background-media":"","overlay-type":"","overlay-color":"","overlay-opacity":"","overlay-gradient":""},"tablet":{"background-color":"","background-image":"","background-repeat":"repeat","background-position":"center center","background-size":"auto","background-attachment":"scroll","background-type":"","background-media":"","overlay-type":"","overlay-color":"","overlay-opacity":"","overlay-gradient":""},"mobile":{"background-color":"","background-image":"","background-repeat":"repeat","background-position":"center center","background-size":"auto","background-attachment":"scroll","background-type":"","background-media":"","overlay-type":"","overlay-color":"","overlay-opacity":"","overlay-gradient":""}},"ast-content-background-meta":{"desktop":{"background-color":"var(--ast-global-color-5)","background-image":"","background-repeat":"repeat","background-position":"center center","background-size":"auto","background-attachment":"scroll","background-type":"","background-media":"","overlay-type":"","overlay-color":"","overlay-opacity":"","overlay-gradient":""},"tablet":{"background-color":"var(--ast-global-color-5)","background-image":"","background-repeat":"repeat","background-position":"center center","background-size":"auto","background-attachment":"scroll","background-type":"","background-media":"","overlay-type":"","overlay-color":"","overlay-opacity":"","overlay-gradient":""},"mobile":{"background-color":"var(--ast-global-color-5)","background-image":"","background-repeat":"repeat","background-position":"center center","background-size":"auto","background-attachment":"scroll","background-type":"","background-media":"","overlay-type":"","overlay-color":"","overlay-opacity":"","overlay-gradient":""}},"footnotes":""},"class_list":["post-128","page","type-page","status-publish","has-post-thumbnail","hentry"],"aioseo_notices":[],"_links":{"self":[{"href":"https:\/\/holo-studio.com\/en\/wp-json\/wp\/v2\/pages\/128","targetHints":{"allow":["GET"]}}],"collection":[{"href":"https:\/\/holo-studio.com\/en\/wp-json\/wp\/v2\/pages"}],"about":[{"href":"https:\/\/holo-studio.com\/en\/wp-json\/wp\/v2\/types\/page"}],"author":[{"embeddable":true,"href":"https:\/\/holo-studio.com\/en\/wp-json\/wp\/v2\/users\/1"}],"replies":[{"embeddable":true,"href":"https:\/\/holo-studio.com\/en\/wp-json\/wp\/v2\/comments?post=128"}],"version-history":[{"count":7,"href":"https:\/\/holo-studio.com\/en\/wp-json\/wp\/v2\/pages\/128\/revisions"}],"predecessor-version":[{"id":2491,"href":"https:\/\/holo-studio.com\/en\/wp-json\/wp\/v2\/pages\/128\/revisions\/2491"}],"wp:featuredmedia":[{"embeddable":true,"href":"https:\/\/holo-studio.com\/en\/wp-json\/wp\/v2\/media\/703"}],"wp:attachment":[{"href":"https:\/\/holo-studio.com\/en\/wp-json\/wp\/v2\/media?parent=128"}],"curies":[{"name":"wp","href":"https:\/\/api.w.org\/{rel}","templated":true}]}}